{"id":7,"date":"2025-05-28T17:35:27","date_gmt":"2025-05-28T15:35:27","guid":{"rendered":"https:\/\/noveum-conseil.fr\/index.php\/colibri-wp\/"},"modified":"2025-10-06T16:27:09","modified_gmt":"2025-10-06T14:27:09","slug":"colibri-wp","status":"publish","type":"page","link":"https:\/\/noveum-conseil.fr\/","title":{"rendered":"Front Page"},"content":{"rendered":"<div data-colibri-id=\"7-c1\" class=\"style-232 style-local-7-c1 position-relative\">\r\n  <!---->\r\n  <div data-colibri-component=\"section\" data-colibri-id=\"7-c2\" id=\"overlappable\" class=\"h-section h-section-global-spacing d-flex align-items-lg-center align-items-md-center align-items-center style-233 style-local-7-c2 position-relative\">\r\n    <!---->\r\n    <!---->\r\n    <div class=\"h-section-grid-container h-section-boxed-container\">\r\n      <!---->\r\n      <div data-colibri-id=\"7-c3\" class=\"h-row-container gutters-row-lg-0 gutters-row-md-0 gutters-row-2 gutters-row-v-lg-0 gutters-row-v-md-0 gutters-row-v-2 style-234 style-local-7-c3 position-relative\">\r\n        <!---->\r\n        <div class=\"h-row justify-content-lg-center justify-content-md-center justify-content-center align-items-lg-stretch align-items-md-stretch align-items-stretch gutters-col-lg-0 gutters-col-md-0 gutters-col-2 gutters-col-v-lg-0 gutters-col-v-md-0 gutters-col-v-2\">\r\n          <!---->\r\n          <div class=\"h-column h-column-container d-flex h-col-lg-4 h-col-md-4 h-col-12 style-235-outer style-local-7-c4-outer\">\r\n            <div data-colibri-id=\"7-c4\" class=\"d-flex h-flex-basis h-column__inner h-px-lg-3 h-px-md-3 h-px-2 v-inner-lg-3 v-inner-md-3 v-inner-2 style-235 style-local-7-c4 position-relative\">\r\n              <!---->\r\n              <!---->\r\n              <div class=\"w-100 h-y-container h-column__content h-column__v-align flex-basis-100 align-self-lg-start align-self-md-start align-self-start\">\r\n                <!---->\r\n                <div data-colibri-id=\"7-c5\" class=\"h-icon style-236 style-local-7-c5 position-relative h-element\">\r\n                  <!----><span class=\"h-svg-icon h-icon__icon style-236-icon style-local-7-c5-icon\"><!--Icon by Icons8 Line Awesome (https:\/\/icons8.com\/line-awesome)--><svg version=\"1.1\" xmlns=\"http:\/\/www.w3.org\/2000\/svg\" xmlns:xlink=\"http:\/\/www.w3.org\/1999\/xlink\" id=\"paper-plane\" viewBox=\"0 0 512 545.5\"><path d=\"M57.5 117.5L86 129l352 144 36.5 15-36.5 15L86 447l-28.5 11.5 7-30 31-140.5-31-140.5zm44.5 53L124.5 272h226zM124.5 304L102 405.5 350.5 304h-226z\"><\/path><\/svg><\/span><\/div>\r\n                <div\r\n                  data-colibri-id=\"7-c6\" class=\"h-global-transition-all h-heading style-237 style-local-7-c6 position-relative h-element\">\r\n                  <!---->\r\n                  <div class=\"h-heading__outer style-237 style-local-7-c6\">\r\n                    <!---->\r\n                    <!---->\r\n                    <h5 class=\"\">NOtre OFFRE de services<\/h5>\r\n                  <\/div>\r\n              <\/div>\r\n              <div data-colibri-id=\"7-c7\" class=\"h-text h-text-component style-238 style-local-7-c7 position-relative h-element\">\r\n                <!---->\r\n                <!---->\r\n                <div class=\"\">\r\n                  <p>Pour vous permettre de gagner en efficacit\u00e9 et en performance, je mets mon expertise et mon exp\u00e9rience au service de votre entreprise&nbsp;dans les domaines suivants :&nbsp;<\/p>\r\n                  <ul>\r\n                    <li>Direction de Business Unit<\/li>\r\n                    <li>Strat\u00e9gie et conduite de d\u00e9veloppement commercial<\/li>\r\n                    <li>Conduite de projets complexes<\/li>\r\n                    <li>Change Management<\/li>\r\n                  <\/ul>\r\n                  <p>\r\n                    <br>\r\n                  <\/p>\r\n                <\/div>\r\n              <\/div>\r\n              <div data-colibri-id=\"7-c8\" class=\"h-x-container style-239 style-local-7-c8 position-relative h-element\">\r\n                <!---->\r\n                <div class=\"h-x-container-inner style-dynamic-7-c8-group style-239-spacing style-local-7-c8-spacing\"><span class=\"h-link__outer style-240-outer style-local-7-c9-outer d-inline-flex h-element\"><a h-use-smooth-scroll=\"true\" href=\"\"  data-colibri-id=\"7-c9\" class=\"d-flex w-100 align-items-center h-link style-240 style-local-7-c9 position-relative\"><!----><!----> <span>Read more<\/span>                  <span class=\"h-svg-icon h-link__icon style-240-icon style-local-7-c9-icon\"><!--Icon by Icons8 Line Awesome (https:\/\/icons8.com\/line-awesome)--><svg version=\"1.1\" xmlns=\"http:\/\/www.w3.org\/2000\/svg\" xmlns:xlink=\"http:\/\/www.w3.org\/1999\/xlink\" id=\"angle-double-right\" viewBox=\"0 0 512 545.5\"><path d=\"M145.5 108.5l168 168L325 288l-11.5 11.5-168 168-22.5-23L279.5 288 123 131.5zm112 0l168 168L437 288l-11.5 11.5-168 168-22.5-23L391.5 288 235 131.5z\"><\/path><\/svg><\/span><\/a>\r\n                  <\/span>\r\n                <\/div>\r\n              <\/div>\r\n            <\/div>\r\n          <\/div>\r\n        <\/div>\r\n        <div class=\"h-column h-column-container d-flex h-col-lg-4 h-col-md-4 h-col-12 style-235-outer style-local-7-c10-outer\">\r\n          <div data-colibri-id=\"7-c10\" class=\"d-flex h-flex-basis h-column__inner h-px-lg-3 h-px-md-3 h-px-2 v-inner-lg-3 v-inner-md-3 v-inner-2 style-235 style-local-7-c10 position-relative\">\r\n            <!---->\r\n            <!---->\r\n            <div class=\"w-100 h-y-container h-column__content h-column__v-align flex-basis-100 align-self-lg-start align-self-md-start align-self-start\">\r\n              <!---->\r\n              <div data-colibri-id=\"7-c11\" class=\"h-icon style-236 style-local-7-c11 position-relative h-element\">\r\n                <!----><span class=\"h-svg-icon h-icon__icon style-236-icon style-local-7-c11-icon\"><!--Icon by Icons8 Line Awesome (https:\/\/icons8.com\/line-awesome)--><svg version=\"1.1\" xmlns=\"http:\/\/www.w3.org\/2000\/svg\" xmlns:xlink=\"http:\/\/www.w3.org\/1999\/xlink\" id=\"cubes\" viewBox=\"0 0 512 545.5\"><path d=\"M256 96l6 2.5 96 38.5 10 4v107.5l86.5 37.5 9.5 4.5v129l-8 5-96 53.5-7.5 4-7.5-3.5-89-44.5-89 44.5-7.5 3.5-7.5-4-96-53.5-8-5v-129l9.5-4.5 86.5-37.5V141l10-4 96-38.5zm0 35l-52.5 20.5L256 172l52.5-20.5zm-80 44v74l64 28.5v-78zm160 0l-64 24.5v78l64-28.5v-74zM160 277l-58 25 58 29 58-28.5zm192 0l-40 17.5-18 8 58 28.5 58-29zM80 326.5V401l64 36v-78.5zm352 0l-64 32V437l64-36v-74.5zm-192 1l-64 31V438l64-32v-78.5zm32 0V406l64 32v-79.5z\"><\/path><\/svg><\/span><\/div>\r\n              <div\r\n                data-colibri-id=\"7-c12\" class=\"h-global-transition-all h-heading style-237 style-local-7-c12 position-relative h-element\">\r\n                <!---->\r\n                <div class=\"h-heading__outer style-237 style-local-7-c12\">\r\n                  <!---->\r\n                  <!---->\r\n                  <h5 class=\"\">missions de conseil<\/h5>\r\n                <\/div>\r\n            <\/div>\r\n            <div data-colibri-id=\"7-c13\" class=\"h-text h-text-component style-238 style-local-7-c13 position-relative h-element\">\r\n              <!---->\r\n              <!---->\r\n              <div class=\"\">\r\n                <p>En tant que sp\u00e9cialiste et consultant externe, je vous apporte un regard neuf&nbsp;<span style=\"font-weight: 400; font-size: 16px; font-family: &quot;Open Sans&quot;; color: rgb(99, 98, 119);\">et<\/span>&nbsp;vous accompagne dans&nbsp;\r\n                  <span\r\n                    style=\"font-weight: 400; font-size: 16px; font-family: &quot;Open Sans&quot;; color: rgb(99, 98, 119);\">la transformation de votre entreprise, l&#8217;am\u00e9lioration de vos process ou la r\u00e9solution de votre probl\u00e9matique. J&#8217;interviens a<\/span>vec m\u00e9thodologie dans le diagnostic de votre situation, l&#8217;analyse de votre probl\u00e9matique, la formulation\r\n                    de recommandations et la mise en oeuvre de solutions.&nbsp;<\/p>\r\n              <\/div>\r\n            <\/div>\r\n            <div data-colibri-id=\"7-c14\" class=\"h-x-container style-239 style-local-7-c14 position-relative h-element\">\r\n              <!---->\r\n              <div class=\"h-x-container-inner style-dynamic-7-c14-group style-239-spacing style-local-7-c14-spacing\"><span class=\"h-link__outer style-240-outer style-local-7-c15-outer d-inline-flex h-element\"><a h-use-smooth-scroll=\"true\" href=\"\"  data-colibri-id=\"7-c15\" class=\"d-flex w-100 align-items-center h-link style-240 style-local-7-c15 position-relative\"><!----><!----> <span>Read more<\/span>                <span class=\"h-svg-icon h-link__icon style-240-icon style-local-7-c15-icon\"><!--Icon by Icons8 Line Awesome (https:\/\/icons8.com\/line-awesome)--><svg version=\"1.1\" xmlns=\"http:\/\/www.w3.org\/2000\/svg\" xmlns:xlink=\"http:\/\/www.w3.org\/1999\/xlink\" id=\"angle-double-right\" viewBox=\"0 0 512 545.5\"><path d=\"M145.5 108.5l168 168L325 288l-11.5 11.5-168 168-22.5-23L279.5 288 123 131.5zm112 0l168 168L437 288l-11.5 11.5-168 168-22.5-23L391.5 288 235 131.5z\"><\/path><\/svg><\/span><\/a>\r\n                <\/span>\r\n              <\/div>\r\n            <\/div>\r\n          <\/div>\r\n        <\/div>\r\n      <\/div>\r\n      <div class=\"h-column h-column-container d-flex h-col-lg-4 h-col-md-4 h-col-12 style-235-outer style-local-7-c16-outer\">\r\n        <div data-colibri-id=\"7-c16\" class=\"d-flex h-flex-basis h-column__inner h-px-lg-3 h-px-md-3 h-px-2 v-inner-lg-3 v-inner-md-3 v-inner-2 style-235 style-local-7-c16 position-relative\">\r\n          <!---->\r\n          <!---->\r\n          <div class=\"w-100 h-y-container h-column__content h-column__v-align flex-basis-100 align-self-lg-start align-self-md-start align-self-start\">\r\n            <!---->\r\n            <div data-colibri-id=\"7-c17\" class=\"h-icon style-236 style-local-7-c17 position-relative h-element\">\r\n              <!----><span class=\"h-svg-icon h-icon__icon style-236-icon style-local-7-c17-icon\"><!--Icon by Icons8 Line Awesome (https:\/\/icons8.com\/line-awesome)--><svg version=\"1.1\" xmlns=\"http:\/\/www.w3.org\/2000\/svg\" xmlns:xlink=\"http:\/\/www.w3.org\/1999\/xlink\" id=\"area-chart\" viewBox=\"0 0 512 545.5\"><path d=\"M448 97v383H64V204.5l19 4 73 14.5 91-60.5 5.5-3.5 6 1 89.5 15 74-58zm-32 65.5l-54 42-5.5 4.5-7-1-90-15-90.5 60.5-5.5 3.5-6.5-1.5-61-12V309l62 25 89-59.5 6.5-4 7.5 2.5 87.5 29 67.5-53.5v-86zm0 127l-54 43-7 5.5-8-3-88-29.5-90 60-7 4.5-8-3-58-23v104h320V289.5z\"><\/path><\/svg><\/span><\/div>\r\n            <div\r\n              data-colibri-id=\"7-c18\" class=\"h-global-transition-all h-heading style-237 style-local-7-c18 position-relative h-element\">\r\n              <!---->\r\n              <div class=\"h-heading__outer style-237 style-local-7-c18\">\r\n                <!---->\r\n                <!---->\r\n                <h5 class=\"\">management de transition<\/h5>\r\n              <\/div>\r\n          <\/div>\r\n          <div data-colibri-id=\"7-c19\" class=\"h-text h-text-component style-238 style-local-7-c19 position-relative h-element\">\r\n            <!---->\r\n            <!---->\r\n            <div class=\"\">\r\n              <p>Manager op\u00e9rationnel reconnu, je m&#8217;adapte rapidement \u00e0 votre contexte et interviens en &#8220;mode projet&#8221; pour mettre en place des solutions qui r\u00e9pondent aux enjeux de votre entreprise et engager vos \u00e9quipes dans votre transformation.<\/p>\r\n            <\/div>\r\n          <\/div>\r\n          <div data-colibri-id=\"7-c20\" class=\"h-x-container style-239 style-local-7-c20 position-relative h-element\">\r\n            <!---->\r\n            <div class=\"h-x-container-inner style-dynamic-7-c20-group style-239-spacing style-local-7-c20-spacing\"><span class=\"h-link__outer style-240-outer style-local-7-c21-outer d-inline-flex h-element\"><a h-use-smooth-scroll=\"true\" href=\"\"  data-colibri-id=\"7-c21\" class=\"d-flex w-100 align-items-center h-link style-240 style-local-7-c21 position-relative\"><!----><!----> <span>Read more<\/span>              <span class=\"h-svg-icon h-link__icon style-240-icon style-local-7-c21-icon\"><!--Icon by Icons8 Line Awesome (https:\/\/icons8.com\/line-awesome)--><svg version=\"1.1\" xmlns=\"http:\/\/www.w3.org\/2000\/svg\" xmlns:xlink=\"http:\/\/www.w3.org\/1999\/xlink\" id=\"angle-double-right\" viewBox=\"0 0 512 545.5\"><path d=\"M145.5 108.5l168 168L325 288l-11.5 11.5-168 168-22.5-23L279.5 288 123 131.5zm112 0l168 168L437 288l-11.5 11.5-168 168-22.5-23L391.5 288 235 131.5z\"><\/path><\/svg><\/span><\/a>\r\n              <\/span>\r\n            <\/div>\r\n          <\/div>\r\n        <\/div>\r\n      <\/div>\r\n    <\/div>\r\n  <\/div>\r\n<\/div>\r\n<\/div>\r\n<\/div>\r\n<div data-colibri-component=\"section\" data-colibri-id=\"7-c22\" id=\"overlappable-2\" class=\"h-section h-section-global-spacing d-flex align-items-lg-center align-items-md-center align-items-center style-241 style-local-7-c22 position-relative\">\r\n  <!---->\r\n  <!---->\r\n  <div class=\"h-section-grid-container h-section-boxed-container\">\r\n    <!---->\r\n    <div data-colibri-id=\"7-c23\" class=\"h-row-container gutters-row-lg-0 gutters-row-md-0 gutters-row-2 gutters-row-v-lg-0 gutters-row-v-md-0 gutters-row-v-2 style-242 style-local-7-c23 position-relative\">\r\n      <!---->\r\n      <div class=\"h-row justify-content-lg-center justify-content-md-center justify-content-center align-items-lg-stretch align-items-md-stretch align-items-stretch gutters-col-lg-0 gutters-col-md-0 gutters-col-2 gutters-col-v-lg-0 gutters-col-v-md-0 gutters-col-v-2\">\r\n        <!---->\r\n        <div class=\"h-column h-column-container d-flex h-col-lg-4 h-col-md-4 h-col-12 style-243-outer style-local-7-c24-outer\">\r\n          <div data-colibri-id=\"7-c24\" class=\"d-flex h-flex-basis h-column__inner h-px-lg-3 h-px-md-3 h-px-2 v-inner-lg-3 v-inner-md-3 v-inner-2 style-243 style-local-7-c24 position-relative\">\r\n            <!---->\r\n            <!---->\r\n            <div class=\"w-100 h-y-container h-column__content h-column__v-align flex-basis-100 align-self-lg-start align-self-md-start align-self-start\">\r\n              <!---->\r\n              <div data-colibri-id=\"7-c25\" class=\"h-icon style-244 style-local-7-c25 position-relative h-element\">\r\n                <!----><span class=\"h-svg-icon h-icon__icon style-244-icon style-local-7-c25-icon\"><!--Icon by Icons8 Line Awesome (https:\/\/icons8.com\/line-awesome)--><svg version=\"1.1\" xmlns=\"http:\/\/www.w3.org\/2000\/svg\" xmlns:xlink=\"http:\/\/www.w3.org\/1999\/xlink\" id=\"paper-plane\" viewBox=\"0 0 512 545.5\"><path d=\"M57.5 117.5L86 129l352 144 36.5 15-36.5 15L86 447l-28.5 11.5 7-30 31-140.5-31-140.5zm44.5 53L124.5 272h226zM124.5 304L102 405.5 350.5 304h-226z\"><\/path><\/svg><\/span><\/div>\r\n              <div\r\n                data-colibri-id=\"7-c26\" class=\"h-global-transition-all h-heading style-245 style-local-7-c26 position-relative h-element\">\r\n                <!---->\r\n                <div class=\"h-heading__outer style-245 style-local-7-c26\">\r\n                  <!---->\r\n                  <!---->\r\n                  <h5 class=\"\">contextes d&#8217;intervention<\/h5>\r\n                <\/div>\r\n            <\/div>\r\n            <div data-colibri-id=\"7-c27\" class=\"h-text h-text-component style-246 style-local-7-c27 position-relative h-element\">\r\n              <!---->\r\n              <!---->\r\n              <div class=\"\">\r\n                <p>Entreprise familiale, TPE, PME, ETI ou grands groupes<\/p>\r\n                <p>\r\n                  <u>En situation de<\/u> :&nbsp;<\/p>\r\n                <ul>\r\n                  <li>Transformation<\/li>\r\n                  <li>Carence manag\u00e9riale<\/li>\r\n                  <li>Accompagnement de projets<\/li>\r\n                  <li>D\u00e9veloppement<\/li>\r\n                  <li>R\u00e9organisation, restructuration<\/li>\r\n                <\/ul>\r\n                <p>\r\n                  <br>\r\n                <\/p>\r\n              <\/div>\r\n            <\/div>\r\n            <div data-colibri-id=\"7-c28\" class=\"h-x-container style-247 style-local-7-c28 position-relative h-element\">\r\n              <!---->\r\n              <div class=\"h-x-container-inner style-dynamic-7-c28-group style-247-spacing style-local-7-c28-spacing\"><span class=\"h-link__outer style-248-outer style-local-7-c29-outer d-inline-flex h-element\"><a h-use-smooth-scroll=\"true\" href=\"\"  data-colibri-id=\"7-c29\" class=\"d-flex w-100 align-items-center h-link style-248 style-local-7-c29 position-relative\"><!----><!----> <span>Read more<\/span>                <span class=\"h-svg-icon h-link__icon style-248-icon style-local-7-c29-icon\"><!--Icon by Icons8 Line Awesome (https:\/\/icons8.com\/line-awesome)--><svg version=\"1.1\" xmlns=\"http:\/\/www.w3.org\/2000\/svg\" xmlns:xlink=\"http:\/\/www.w3.org\/1999\/xlink\" id=\"angle-double-right\" viewBox=\"0 0 512 545.5\"><path d=\"M145.5 108.5l168 168L325 288l-11.5 11.5-168 168-22.5-23L279.5 288 123 131.5zm112 0l168 168L437 288l-11.5 11.5-168 168-22.5-23L391.5 288 235 131.5z\"><\/path><\/svg><\/span><\/a>\r\n                <\/span>\r\n              <\/div>\r\n            <\/div>\r\n          <\/div>\r\n        <\/div>\r\n      <\/div>\r\n      <div class=\"h-column h-column-container d-flex h-col-lg-4 h-col-md-4 h-col-12 style-243-outer style-local-7-c30-outer\">\r\n        <div data-colibri-id=\"7-c30\" class=\"d-flex h-flex-basis h-column__inner h-px-lg-3 h-px-md-3 h-px-2 v-inner-lg-3 v-inner-md-3 v-inner-2 style-243 style-local-7-c30 position-relative\">\r\n          <!---->\r\n          <!---->\r\n          <div class=\"w-100 h-y-container h-column__content h-column__v-align flex-basis-100 align-self-lg-start align-self-md-start align-self-start\">\r\n            <!---->\r\n            <div data-colibri-id=\"7-c31\" class=\"h-icon style-244 style-local-7-c31 position-relative h-element\">\r\n              <!----><span class=\"h-svg-icon h-icon__icon style-244-icon style-local-7-c31-icon\"><!--Icon by Icons8 Line Awesome (https:\/\/icons8.com\/line-awesome)--><svg version=\"1.1\" xmlns=\"http:\/\/www.w3.org\/2000\/svg\" xmlns:xlink=\"http:\/\/www.w3.org\/1999\/xlink\" id=\"cubes\" viewBox=\"0 0 512 545.5\"><path d=\"M256 96l6 2.5 96 38.5 10 4v107.5l86.5 37.5 9.5 4.5v129l-8 5-96 53.5-7.5 4-7.5-3.5-89-44.5-89 44.5-7.5 3.5-7.5-4-96-53.5-8-5v-129l9.5-4.5 86.5-37.5V141l10-4 96-38.5zm0 35l-52.5 20.5L256 172l52.5-20.5zm-80 44v74l64 28.5v-78zm160 0l-64 24.5v78l64-28.5v-74zM160 277l-58 25 58 29 58-28.5zm192 0l-40 17.5-18 8 58 28.5 58-29zM80 326.5V401l64 36v-78.5zm352 0l-64 32V437l64-36v-74.5zm-192 1l-64 31V438l64-32v-78.5zm32 0V406l64 32v-79.5z\"><\/path><\/svg><\/span><\/div>\r\n            <div\r\n              data-colibri-id=\"7-c32\" class=\"h-global-transition-all h-heading style-245 style-local-7-c32 position-relative h-element\">\r\n              <!---->\r\n              <div class=\"h-heading__outer style-245 style-local-7-c32\">\r\n                <!---->\r\n                <!---->\r\n                <h5 class=\"\">modalit\u00e9s\r\n                  <br>flexibles<\/h5>\r\n              <\/div>\r\n          <\/div>\r\n          <div data-colibri-id=\"7-c33\" class=\"h-text h-text-component style-246 style-local-7-c33 position-relative h-element\">\r\n            <!---->\r\n            <!---->\r\n            <div class=\"\">\r\n              <p>Je vous apporte une solution personnalis\u00e9e et \u00e0 la carte :&nbsp;<\/p>\r\n              <p>\r\n                <u>Missions de conseil<\/u> :&nbsp;<\/p>\r\n              <ul>\r\n                <li><span style=\"font-weight: 400; font-size: 16px; font-family: &quot;Open Sans&quot;; color: rgb(99, 98, 119);\">en tarif journalier ou au forfait<\/span><\/li>\r\n                <li><span style=\"font-weight: 400; font-size: 16px; font-family: &quot;Open Sans&quot;; color: rgb(99, 98, 119);\">en intervention ponctuelle ou r\u00e9currente<\/span><\/li>\r\n              <\/ul>\r\n              <p>\r\n                <u>Management de transition<\/u> :&nbsp;<\/p>\r\n              <ul>\r\n                <li>en temps plein ou partag\u00e9<\/li>\r\n                <li>Missions de 3 \u00e0 12 mois<\/li>\r\n              <\/ul>\r\n            <\/div>\r\n          <\/div>\r\n          <div data-colibri-id=\"7-c34\" class=\"h-x-container style-247 style-local-7-c34 position-relative h-element\">\r\n            <!---->\r\n            <div class=\"h-x-container-inner style-dynamic-7-c34-group style-247-spacing style-local-7-c34-spacing\"><span class=\"h-link__outer style-248-outer style-local-7-c35-outer d-inline-flex h-element\"><a h-use-smooth-scroll=\"true\" href=\"\"  data-colibri-id=\"7-c35\" class=\"d-flex w-100 align-items-center h-link style-248 style-local-7-c35 position-relative\"><!----><!----> <span>Read more<\/span>              <span class=\"h-svg-icon h-link__icon style-248-icon style-local-7-c35-icon\"><!--Icon by Icons8 Line Awesome (https:\/\/icons8.com\/line-awesome)--><svg version=\"1.1\" xmlns=\"http:\/\/www.w3.org\/2000\/svg\" xmlns:xlink=\"http:\/\/www.w3.org\/1999\/xlink\" id=\"angle-double-right\" viewBox=\"0 0 512 545.5\"><path d=\"M145.5 108.5l168 168L325 288l-11.5 11.5-168 168-22.5-23L279.5 288 123 131.5zm112 0l168 168L437 288l-11.5 11.5-168 168-22.5-23L391.5 288 235 131.5z\"><\/path><\/svg><\/span><\/a>\r\n              <\/span>\r\n            <\/div>\r\n          <\/div>\r\n        <\/div>\r\n      <\/div>\r\n    <\/div>\r\n    <div class=\"h-column h-column-container d-flex h-col-lg-4 h-col-md-4 h-col-12 style-243-outer style-local-7-c36-outer\">\r\n      <div data-colibri-id=\"7-c36\" class=\"d-flex h-flex-basis h-column__inner h-px-lg-3 h-px-md-3 h-px-2 v-inner-lg-3 v-inner-md-3 v-inner-2 style-243 style-local-7-c36 position-relative\">\r\n        <!---->\r\n        <!---->\r\n        <div class=\"w-100 h-y-container h-column__content h-column__v-align flex-basis-100 align-self-lg-start align-self-md-start align-self-start\">\r\n          <!---->\r\n          <div data-colibri-id=\"7-c37\" class=\"h-icon style-244 style-local-7-c37 position-relative h-element\">\r\n            <!----><span class=\"h-svg-icon h-icon__icon style-244-icon style-local-7-c37-icon\"><!--Icon by Icons8 Line Awesome (https:\/\/icons8.com\/line-awesome)--><svg version=\"1.1\" xmlns=\"http:\/\/www.w3.org\/2000\/svg\" xmlns:xlink=\"http:\/\/www.w3.org\/1999\/xlink\" id=\"area-chart\" viewBox=\"0 0 512 545.5\"><path d=\"M448 97v383H64V204.5l19 4 73 14.5 91-60.5 5.5-3.5 6 1 89.5 15 74-58zm-32 65.5l-54 42-5.5 4.5-7-1-90-15-90.5 60.5-5.5 3.5-6.5-1.5-61-12V309l62 25 89-59.5 6.5-4 7.5 2.5 87.5 29 67.5-53.5v-86zm0 127l-54 43-7 5.5-8-3-88-29.5-90 60-7 4.5-8-3-58-23v104h320V289.5z\"><\/path><\/svg><\/span><\/div>\r\n          <div\r\n            data-colibri-id=\"7-c38\" class=\"h-global-transition-all h-heading style-245 style-local-7-c38 position-relative h-element\">\r\n            <!---->\r\n            <div class=\"h-heading__outer style-245 style-local-7-c38\">\r\n              <!---->\r\n              <!---->\r\n              <h5 class=\"\">experience<\/h5>\r\n            <\/div>\r\n        <\/div>\r\n        <div data-colibri-id=\"7-c39\" class=\"h-text h-text-component style-246 style-local-7-c39 position-relative h-element\">\r\n          <!---->\r\n          <!---->\r\n          <div class=\"\">\r\n            <p>Fort de&nbsp;25 ans d\u2019exp\u00e9rience&nbsp;dans le retail \u00e0 l&#8217;international, le digital et les marketplaces \u00e0 l&#8217;\u00e9chelle europ\u00e9enne, notamment pour des entreprises du secteur de la distribution (BtoB, BtoC),&nbsp;j\u2019ai conduit des&nbsp;transformations\r\n              majeures sur les axes digital, organisationnel et manag\u00e9rial.<\/p>\r\n          <\/div>\r\n        <\/div>\r\n        <div data-colibri-id=\"7-c40\" class=\"h-x-container style-247 style-local-7-c40 position-relative h-element\">\r\n          <!---->\r\n          <div class=\"h-x-container-inner style-dynamic-7-c40-group style-247-spacing style-local-7-c40-spacing\"><span class=\"h-link__outer style-248-outer style-local-7-c41-outer d-inline-flex h-element\"><a h-use-smooth-scroll=\"true\" href=\"\"  data-colibri-id=\"7-c41\" class=\"d-flex w-100 align-items-center h-link style-248 style-local-7-c41 position-relative\"><!----><!----> <span>Read more<\/span>            <span class=\"h-svg-icon h-link__icon style-248-icon style-local-7-c41-icon\"><!--Icon by Icons8 Line Awesome (https:\/\/icons8.com\/line-awesome)--><svg version=\"1.1\" xmlns=\"http:\/\/www.w3.org\/2000\/svg\" xmlns:xlink=\"http:\/\/www.w3.org\/1999\/xlink\" id=\"angle-double-right\" viewBox=\"0 0 512 545.5\"><path d=\"M145.5 108.5l168 168L325 288l-11.5 11.5-168 168-22.5-23L279.5 288 123 131.5zm112 0l168 168L437 288l-11.5 11.5-168 168-22.5-23L391.5 288 235 131.5z\"><\/path><\/svg><\/span><\/a>\r\n            <\/span>\r\n          <\/div>\r\n        <\/div>\r\n      <\/div>\r\n    <\/div>\r\n  <\/div>\r\n<\/div>\r\n<\/div>\r\n<\/div>\r\n<\/div>\r\n<\/div>","protected":false},"excerpt":{"rendered":"<p>NOtre OFFRE de services Pour vous permettre de gagner en efficacit\u00e9 et en performance, je mets mon expertise et mon exp\u00e9rience au service de votre entreprise&nbsp;dans les domaines suivants :&nbsp; Direction de Business Unit Strat\u00e9gie et conduite de d\u00e9veloppement commercial Conduite de projets complexes Change Management Read more missions de conseil En tant que sp\u00e9cialiste [&hellip;]<\/p>\n","protected":false},"author":1,"featured_media":0,"parent":0,"menu_order":0,"comment_status":"closed","ping_status":"closed","template":"page-templates\/homepage.php","meta":{"footnotes":""},"class_list":["post-7","page","type-page","status-publish","hentry"],"_links":{"self":[{"href":"https:\/\/noveum-conseil.fr\/index.php\/wp-json\/wp\/v2\/pages\/7","targetHints":{"allow":["GET"]}}],"collection":[{"href":"https:\/\/noveum-conseil.fr\/index.php\/wp-json\/wp\/v2\/pages"}],"about":[{"href":"https:\/\/noveum-conseil.fr\/index.php\/wp-json\/wp\/v2\/types\/page"}],"author":[{"embeddable":true,"href":"https:\/\/noveum-conseil.fr\/index.php\/wp-json\/wp\/v2\/users\/1"}],"replies":[{"embeddable":true,"href":"https:\/\/noveum-conseil.fr\/index.php\/wp-json\/wp\/v2\/comments?post=7"}],"version-history":[{"count":9,"href":"https:\/\/noveum-conseil.fr\/index.php\/wp-json\/wp\/v2\/pages\/7\/revisions"}],"predecessor-version":[{"id":161,"href":"https:\/\/noveum-conseil.fr\/index.php\/wp-json\/wp\/v2\/pages\/7\/revisions\/161"}],"wp:attachment":[{"href":"https:\/\/noveum-conseil.fr\/index.php\/wp-json\/wp\/v2\/media?parent=7"}],"curies":[{"name":"wp","href":"https:\/\/api.w.org\/{rel}","templated":true}]}}